{"id":356,"date":"2022-01-19T20:24:09","date_gmt":"2022-01-19T19:24:09","guid":{"rendered":"http:\/\/web.zaiser-gartengestaltung.de\/?page_id=356"},"modified":"2025-02-25T18:34:59","modified_gmt":"2025-02-25T17:34:59","slug":"garten-und-baumpflege","status":"publish","type":"page","link":"https:\/\/zaiser-gartengestaltung.de\/staging\/garten-und-baumpflege\/","title":{"rendered":"Garten- und Baumpflege"},"content":{"rendered":"\t\t<div data-elementor-type=\"wp-page\" data-elementor-id=\"356\" class=\"elementor elementor-356\" data-elementor-post-type=\"page\">\n\t\t\t\t<div class=\"elementor-element elementor-element-a20c878 e-con-full e-flex e-con e-parent\" data-id=\"a20c878\" data-element_type=\"container\" data-settings=\"{&quot;background_background&quot;:&quot;video&quot;,&quot;background_play_on_mobile&quot;:&quot;yes&quot;,&quot;background_video_link&quot;:&quot;https:\\\/\\\/zaiser-gartengestaltung.de\\\/wp-content\\\/uploads\\\/2025\\\/02\\\/Gartenpfleger_Banner.mp4&quot;}\">\n\t\t<div class=\"elementor-background-video-container\">\n\t\t\t\t\t\t\t<video class=\"elementor-background-video-hosted\" autoplay muted playsinline loop><\/video>\n\t\t\t\t\t<\/div><div class=\"elementor-element elementor-element-dcc1f6b e-con-full e-flex e-con e-child\" data-id=\"dcc1f6b\" data-element_type=\"container\" data-settings=\"{&quot;background_background&quot;:&quot;classic&quot;}\">\n\t\t\t\t<div class=\"elementor-element elementor-element-884deac animated-slow elementor-invisible elementor-widget elementor-widget-heading\" data-id=\"884deac\" data-element_type=\"widget\" data-settings=\"{&quot;_animation&quot;:&quot;fadeIn&quot;}\" data-widget_type=\"heading.default\">\n\t\t\t\t<div class=\"elementor-widget-container\">\n\t\t\t\t\t<h1 class=\"elementor-heading-title elementor-size-default\">Garten- und Baumpflege<\/h1>\t\t\t\t<\/div>\n\t\t\t\t<\/div>\n\t\t\t\t<div class=\"elementor-element elementor-element-26c6d8a elementor-invisible elementor-widget elementor-widget-text-editor\" data-id=\"26c6d8a\" data-element_type=\"widget\" data-settings=\"{&quot;_animation&quot;:&quot;fadeIn&quot;,&quot;_animation_delay&quot;:1000}\" data-widget_type=\"text-editor.default\">\n\t\t\t\t<div class=\"elementor-widget-container\">\n\t\t\t\t\t\t\t\t\t<blockquote><p><em>Die Zauberformel f\u00fcr einen sch\u00f6nen und gepflegten Garten ist die Regelm\u00e4\u00dfigkeit.<\/em><\/p><\/blockquote><p>Zus\u00e4tzlich zu unserem breiten Spektrum des Garten- und Landschaftsbaus haben wir in unserem Unternehmen eine eigene <span style=\"color: #4ea336;\"><strong>\u00bbGr\u00fcntruppe\u00ab\u00a0<\/strong><\/span>etabliert, die f\u00fcr Sie die Pflege Ihres Gartens \u00fcbernimmt und die sich mit den Bed\u00fcrfnissen Ihrer Pflanzen bestens auskennt.<\/p>\t\t\t\t\t\t\t\t<\/div>\n\t\t\t\t<\/div>\n\t\t\t\t<div class=\"elementor-element elementor-element-32083ad elementor-widget elementor-widget-button\" data-id=\"32083ad\" data-element_type=\"widget\" data-widget_type=\"button.default\">\n\t\t\t\t<div class=\"elementor-widget-container\">\n\t\t\t\t\t\t\t\t\t<div class=\"elementor-button-wrapper\">\n\t\t\t\t\t<a class=\"elementor-button elementor-button-link elementor-size-sm\" href=\"\/kontakt\/\">\n\t\t\t\t\t\t<span class=\"elementor-button-content-wrapper\">\n\t\t\t\t\t\t\t\t\t<span class=\"elementor-button-text\">Fragen Sie nach unserer Gr\u00fcntruppe<\/span>\n\t\t\t\t\t<\/span>\n\t\t\t\t\t<\/a>\n\t\t\t\t<\/div>\n\t\t\t\t\t\t\t\t<\/div>\n\t\t\t\t<\/div>\n\t\t\t\t<\/div>\n\t\t\t\t<\/div>\n\t\t<div class=\"elementor-element elementor-element-ba953d3 e-flex e-con-boxed e-con e-parent\" data-id=\"ba953d3\" data-element_type=\"container\" data-settings=\"{&quot;background_background&quot;:&quot;classic&quot;}\">\n\t\t\t\t\t<div class=\"e-con-inner\">\n\t\t<div class=\"elementor-element elementor-element-ed3c382 e-con-full e-flex e-con e-child\" data-id=\"ed3c382\" data-element_type=\"container\">\n\t\t\t\t<div class=\"elementor-element elementor-element-d17db31 elementor-widget elementor-widget-shortcode\" data-id=\"d17db31\" data-element_type=\"widget\" data-widget_type=\"shortcode.default\">\n\t\t\t\t<div class=\"elementor-widget-container\">\n\t\t\t\t\t\t\t<div class=\"elementor-shortcode\"><span><span><a href=\"https:\/\/zaiser-gartengestaltung.de\/staging\/\">Startseite<\/a><\/span><\/span><\/div>\n\t\t\t\t\t\t<\/div>\n\t\t\t\t<\/div>\n\t\t\t\t<\/div>\n\t\t\t\t\t<\/div>\n\t\t\t\t<\/div>\n\t\t<div class=\"elementor-element elementor-element-d021045 e-flex e-con-boxed e-con e-parent\" data-id=\"d021045\" data-element_type=\"container\" data-settings=\"{&quot;background_background&quot;:&quot;classic&quot;}\">\n\t\t\t\t\t<div class=\"e-con-inner\">\n\t\t<div class=\"elementor-element elementor-element-843e48e e-con-full e-flex e-con e-child\" data-id=\"843e48e\" data-element_type=\"container\">\n\t\t\t\t<div class=\"elementor-element elementor-element-a719b5e elementor-widget elementor-widget-heading\" data-id=\"a719b5e\" data-element_type=\"widget\" data-widget_type=\"heading.default\">\n\t\t\t\t<div class=\"elementor-widget-container\">\n\t\t\t\t\t<h2 class=\"elementor-heading-title elementor-size-default\">Gartenpflege<\/h2>\t\t\t\t<\/div>\n\t\t\t\t<\/div>\n\t\t\t\t<div class=\"elementor-element elementor-element-2c0d70b elementor-widget elementor-widget-text-editor\" data-id=\"2c0d70b\" data-element_type=\"widget\" data-widget_type=\"text-editor.default\">\n\t\t\t\t<div class=\"elementor-widget-container\">\n\t\t\t\t\t\t\t\t\t<p>Die regelm\u00e4\u00dfige Pflege von Garten und B\u00e4umen ist essenziell, um die Gesundheit und Sch\u00f6nheit Ihres Au\u00dfenbereichs zu bewahren. Wir bieten umfassende Dienstleistungen in der Garten- und Baumpflege an, die auf Ihre individuellen Bed\u00fcrfnisse abgestimmt sind.<\/p><p>Mit dem &#8222;Zaisers Gold Abo&#8220; erhalten Sie ein ma\u00dfgeschneidertes Sorglos-Paket f\u00fcr die Gartenpflege. Dieses Abonnement umfasst regelm\u00e4\u00dfige Pflegeleistungen \u00fcber das gesamte Jahr, sodass Ihr Garten stets in bestem Zustand bleibt.<\/p>\t\t\t\t\t\t\t\t<\/div>\n\t\t\t\t<\/div>\n\t\t\t\t<div class=\"elementor-element elementor-element-4715b04 elementor-cta--skin-classic elementor-animated-content elementor-bg-transform elementor-bg-transform-zoom-in elementor-widget elementor-widget-call-to-action\" data-id=\"4715b04\" data-element_type=\"widget\" data-widget_type=\"call-to-action.default\">\n\t\t\t\t<div class=\"elementor-widget-container\">\n\t\t\t\t\t\t\t<div class=\"elementor-cta\">\n\t\t\t\t\t<div class=\"elementor-cta__bg-wrapper\">\n\t\t\t\t<div class=\"elementor-cta__bg elementor-bg\" style=\"background-image: url(https:\/\/zaiser-gartengestaltung.de\/staging\/wp-content\/uploads\/2022\/01\/Gartenpflege-1600x589.jpg);\" role=\"img\" aria-label=\"Gartenpflege.jpg\"><\/div>\n\t\t\t\t<div class=\"elementor-cta__bg-overlay\"><\/div>\n\t\t\t<\/div>\n\t\t\t\t\t\t\t<div class=\"elementor-cta__content\">\n\t\t\t\t\n\t\t\t\t\t\t\t\t\t<h2 class=\"elementor-cta__title elementor-cta__content-item elementor-content-item\">\n\t\t\t\t\t\tZaisers Gold Abo\t\t\t\t\t<\/h2>\n\t\t\t\t\n\t\t\t\t\t\t\t\t\t<div class=\"elementor-cta__description elementor-cta__content-item elementor-content-item\">\n\t\t\t\t\t\tIhr Sorglos Paket f\u00fcr die Gartenpflege<br\/>\n\t\t\t\t\t<\/div>\n\t\t\t\t\n\t\t\t\t\t\t\t\t\t<div class=\"elementor-cta__button-wrapper elementor-cta__content-item elementor-content-item \">\n\t\t\t\t\t<a class=\"elementor-cta__button elementor-button elementor-size-\" href=\"https:\/\/zaiser-gartengestaltung.de\/gartenpflege-ulm-abonnieren\/\">\n\t\t\t\t\t\tJetzt Informieren\t\t\t\t\t<\/a>\n\t\t\t\t\t<\/div>\n\t\t\t\t\t\t\t<\/div>\n\t\t\t\t\t\t<\/div>\n\t\t\t\t\t\t<\/div>\n\t\t\t\t<\/div>\n\t\t\t\t<div class=\"elementor-element elementor-element-0d59d69 elementor-widget elementor-widget-heading\" data-id=\"0d59d69\" data-element_type=\"widget\" data-widget_type=\"heading.default\">\n\t\t\t\t<div class=\"elementor-widget-container\">\n\t\t\t\t\t<h2 class=\"elementor-heading-title elementor-size-default\">Baumpflege und -f\u00e4llung<\/h2>\t\t\t\t<\/div>\n\t\t\t\t<\/div>\n\t\t\t\t<div class=\"elementor-element elementor-element-0378309 elementor-widget elementor-widget-text-editor\" data-id=\"0378309\" data-element_type=\"widget\" data-widget_type=\"text-editor.default\">\n\t\t\t\t<div class=\"elementor-widget-container\">\n\t\t\t\t\t\t\t\t\t<p data-start=\"974\" data-end=\"1220\">Die Pflege und Erhaltung Ihrer B\u00e4ume ist ein weiteres Fachgebiet von uns. Unter Ber\u00fccksichtigung von Natur- und Artenschutz werden Baumpflege und -f\u00e4llungen fachgerecht durchgef\u00fchrt. Dabei werden folgende Leistungen angeboten:<\/p><ul data-start=\"1222\" data-end=\"1425\"><li data-start=\"1222\" data-end=\"1264\">Sichtung und Bewertung des Baumbestandes<\/li><li data-start=\"1265\" data-end=\"1306\">Durchf\u00fchrung gezielter Schnittma\u00dfnahmen<\/li><li data-start=\"1307\" data-end=\"1360\">Fachgerechter Obstbaum-, Hecken- und Strauchschnitt<\/li><li data-start=\"1361\" data-end=\"1425\">Baumpflege und -f\u00e4llung unter Einhaltung gesetzlicher Vorgaben<\/li><\/ul><p data-start=\"1427\" data-end=\"1558\">Ein ausgebildeter Baumkletterer erm\u00f6glicht auch schwierige F\u00e4llungen und Baumpflegema\u00dfnahmen.<\/p>\t\t\t\t\t\t\t\t<\/div>\n\t\t\t\t<\/div>\n\t\t<div class=\"elementor-element elementor-element-ce153fa e-con-full e-flex e-con e-child\" data-id=\"ce153fa\" data-element_type=\"container\">\n\t\t<div class=\"elementor-element elementor-element-e13df2f e-con-full e-flex e-con e-child\" data-id=\"e13df2f\" data-element_type=\"container\">\n\t\t\t\t<div class=\"elementor-element elementor-element-c3aec80 elementor-widget elementor-widget-image\" data-id=\"c3aec80\" data-element_type=\"widget\" data-widget_type=\"image.default\">\n\t\t\t\t<div class=\"elementor-widget-container\">\n\t\t\t\t\t\t\t\t\t\t\t\t\t\t\t<img fetchpriority=\"high\" decoding=\"async\" width=\"853\" height=\"1280\" src=\"https:\/\/zaiser-gartengestaltung.de\/staging\/wp-content\/uploads\/2025\/02\/baumfaellung-zaiser.webp\" class=\"attachment-large size-large wp-image-3356\" alt=\"Baumf\u00e4llung\" srcset=\"https:\/\/zaiser-gartengestaltung.de\/staging\/wp-content\/uploads\/2025\/02\/baumfaellung-zaiser.webp 853w, https:\/\/zaiser-gartengestaltung.de\/staging\/wp-content\/uploads\/2025\/02\/baumfaellung-zaiser-800x1200.webp 800w, https:\/\/zaiser-gartengestaltung.de\/staging\/wp-content\/uploads\/2025\/02\/baumfaellung-zaiser-768x1152.webp 768w\" sizes=\"(max-width: 853px) 100vw, 853px\" \/>\t\t\t\t\t\t\t\t\t\t\t\t\t\t\t<\/div>\n\t\t\t\t<\/div>\n\t\t\t\t<\/div>\n\t\t<div class=\"elementor-element elementor-element-ca99302 e-con-full e-flex e-con e-child\" data-id=\"ca99302\" data-element_type=\"container\">\n\t\t\t\t<div class=\"elementor-element elementor-element-d0e0b6e elementor-widget elementor-widget-text-editor\" data-id=\"d0e0b6e\" data-element_type=\"widget\" data-widget_type=\"text-editor.default\">\n\t\t\t\t<div class=\"elementor-widget-container\">\n\t\t\t\t\t\t\t\t\t<blockquote><p><em>Jeder Baum \u2013 ob Apfelbaum, Tanne, Birke oder Eiche \u2013 muss gehegt und gepflegt werden. Die vielf\u00e4ltigen Umwelteinfl\u00fcsse gehen auch an unserer Pflanzenwelt nicht spurlos vor\u00fcber.\u00a0<br \/><\/em><\/p><\/blockquote><p>Die Pflege und Erhaltung Ihrer B\u00e4ume ist eines unserer Fachgebiete, das wir aus tiefster innerlicher \u00dcberzeugung und Liebe zur Natur betreiben.\u00a0<i><br \/><\/i><\/p>\t\t\t\t\t\t\t\t<\/div>\n\t\t\t\t<\/div>\n\t\t\t\t<div class=\"elementor-element elementor-element-690445e elementor-widget elementor-widget-heading\" data-id=\"690445e\" data-element_type=\"widget\" data-widget_type=\"heading.default\">\n\t\t\t\t<div class=\"elementor-widget-container\">\n\t\t\t\t\t<h3 class=\"elementor-heading-title elementor-size-default\">Natur und Artenschutz<\/h3>\t\t\t\t<\/div>\n\t\t\t\t<\/div>\n\t\t\t\t<div class=\"elementor-element elementor-element-63e74ef elementor-widget elementor-widget-text-editor\" data-id=\"63e74ef\" data-element_type=\"widget\" data-widget_type=\"text-editor.default\">\n\t\t\t\t<div class=\"elementor-widget-container\">\n\t\t\t\t\t\t\t\t\t<p>Sie brauchen Hilfe bei der Pflege oder der F\u00e4llung eines Baumes? Bei uns in Deutschland sind die Kriterien f\u00fcr F\u00e4llungen von B\u00e4umen streng geregelt, da ihr Erhalt oberste Priorit\u00e4t hat \u2013 sie sind die Lunge unseres \u00d6kosystems. Daher ist von Seiten des Gesetzgebers festgelegt, dass B\u00e4ume von Mai bis Oktober weder beschnitten noch gef\u00e4llt werden d\u00fcrfen.<\/p><p>Diese Schutzma\u00dfnahme ist dem Natur- und Artenschutz geschuldet, da die Brutzeit der V\u00f6gel in dieser Zeit stattfindet. Von Oktober bis April ist es uns m\u00f6glich, nach Ihren W\u00fcnschen und Bed\u00fcrfnissen Baumpflege oder -f\u00e4llungen zu verrichten.\u00a0<\/p>\t\t\t\t\t\t\t\t<\/div>\n\t\t\t\t<\/div>\n\t\t\t\t<\/div>\n\t\t\t\t<\/div>\n\t\t<div class=\"elementor-element elementor-element-f5b27a7 e-con-full e-flex e-con e-child\" data-id=\"f5b27a7\" data-element_type=\"container\">\n\t\t<div class=\"elementor-element elementor-element-28d5aca e-con-full e-flex e-con e-child\" data-id=\"28d5aca\" data-element_type=\"container\">\n\t\t\t\t<div class=\"elementor-element elementor-element-1fbc3f3 elementor-widget elementor-widget-heading\" data-id=\"1fbc3f3\" data-element_type=\"widget\" data-widget_type=\"heading.default\">\n\t\t\t\t<div class=\"elementor-widget-container\">\n\t\t\t\t\t<h3 class=\"elementor-heading-title elementor-size-default\">Durch gezielte Schnittma\u00dfnahmen k\u00f6nnen alte Baumbest\u00e4nde wieder lichtdurchl\u00e4ssig gemacht werden.<\/h3>\t\t\t\t<\/div>\n\t\t\t\t<\/div>\n\t\t\t\t<div class=\"elementor-element elementor-element-9ebba33 elementor-widget elementor-widget-text-editor\" data-id=\"9ebba33\" data-element_type=\"widget\" data-widget_type=\"text-editor.default\">\n\t\t\t\t<div class=\"elementor-widget-container\">\n\t\t\t\t\t\t\t\t\t<p>Zaisers <i>European Tree Workers<\/i> sind Mitarbeiter, die speziell daf\u00fcr ausgebildet sind, Arbeiten am und im Baum auf Basis des aktuellen Wissensstandes im Bezug auf Natur-, Umwelt- und Unfallschutz auszuf\u00fchren. Durch unseren ausgebildeten Baumkletterer k\u00f6nnen wir f\u00fcr Sie auch schwierige F\u00e4llungen und Baumpflegema\u00dfnahmen ausf\u00fchren.<\/p><p>Hierzu haben wir folgende Methoden etabliert:<\/p><ul><li>Sichtung des Baumbestandes\u00a0<\/li><li>anschlie\u00dfende Bewertung \u00fcber den Gesundheitszustand und \u00fcber Sicherheitsrisiken<\/li><li>Einleitung und Durchf\u00fchrung von gezielten Schnittma\u00dfnahmen<\/li><li>fachgerechter Obstbaum-, Hecken- und Strauchschnitt<\/li><\/ul><div class=\"yj6qo\">\u00a0<\/div><div class=\"adL\">\u00a0<\/div>\t\t\t\t\t\t\t\t<\/div>\n\t\t\t\t<\/div>\n\t\t\t\t<\/div>\n\t\t<div class=\"elementor-element elementor-element-b40de8e e-con-full e-flex e-con e-child\" data-id=\"b40de8e\" data-element_type=\"container\">\n\t\t\t\t<div class=\"elementor-element elementor-element-4f270c1 elementor-widget elementor-widget-image\" data-id=\"4f270c1\" data-element_type=\"widget\" data-widget_type=\"image.default\">\n\t\t\t\t<div class=\"elementor-widget-container\">\n\t\t\t\t\t\t\t\t\t\t\t\t\t\t\t<img decoding=\"async\" width=\"960\" height=\"639\" src=\"https:\/\/zaiser-gartengestaltung.de\/staging\/wp-content\/uploads\/2022\/01\/Baumpflege.webp\" class=\"attachment-large size-large wp-image-350\" alt=\"\" srcset=\"https:\/\/zaiser-gartengestaltung.de\/staging\/wp-content\/uploads\/2022\/01\/Baumpflege.webp 960w, https:\/\/zaiser-gartengestaltung.de\/staging\/wp-content\/uploads\/2022\/01\/Baumpflege-800x533.jpg 800w, https:\/\/zaiser-gartengestaltung.de\/staging\/wp-content\/uploads\/2022\/01\/Baumpflege-768x511.jpg 768w\" sizes=\"(max-width: 960px) 100vw, 960px\" \/>\t\t\t\t\t\t\t\t\t\t\t\t\t\t\t<\/div>\n\t\t\t\t<\/div>\n\t\t\t\t<\/div>\n\t\t\t\t<\/div>\n\t\t\t\t<\/div>\n\t\t\t\t\t<\/div>\n\t\t\t\t<\/div>\n\t\t\t\t<\/div>\n\t\t","protected":false},"excerpt":{"rendered":"<p>Garten- und Baumpflege Die Zauberformel f\u00fcr einen sch\u00f6nen und gepflegten Garten ist die Regelm\u00e4\u00dfigkeit. Zus\u00e4tzlich zu unserem breiten Spektrum des Garten- und Landschaftsbaus haben wir in unserem Unternehmen eine eigene \u00bbGr\u00fcntruppe\u00ab\u00a0etabliert, die f\u00fcr Sie die Pflege Ihres Gartens \u00fcbernimmt und die sich mit den Bed\u00fcrfnissen Ihrer Pflanzen bestens auskennt. Fragen Sie nach unserer Gr\u00fcntruppe Gartenpflege [&hellip;]<\/p>\n","protected":false},"author":1,"featured_media":0,"parent":0,"menu_order":0,"comment_status":"closed","ping_status":"closed","template":"","meta":{"footnotes":""},"class_list":["post-356","page","type-page","status-publish","hentry"],"yoast_head":"<!-- This site is optimized with the Yoast SEO plugin v24.8.1 - https:\/\/yoast.com\/wordpress\/plugins\/seo\/ -->\n<title>Garten- und Baumpflege | Zaiser Gartengestaltung<\/title>\n<meta name=\"description\" content=\"Die Zauberformel f\u00fcr einen sch\u00f6nen und gepflegten Garten ist die Regelm\u00e4\u00dfigkeit. Pflege und Erhaltung von B\u00e4umen ist eines unserer Fachgebiete,\" \/>\n<meta name=\"robots\" content=\"noindex, follow, max-snippet:-1, max-image-preview:large, max-video-preview:-1\" \/>\n<meta property=\"og:locale\" content=\"de_DE\" \/>\n<meta property=\"og:type\" content=\"article\" \/>\n<meta property=\"og:title\" content=\"Garten- und Baumpflege\" \/>\n<meta property=\"og:description\" content=\"Die Zauberformel f\u00fcr einen sch\u00f6nen und gepflegten Garten ist die Regelm\u00e4\u00dfigkeit.\" \/>\n<meta property=\"og:url\" content=\"https:\/\/zaiser-gartengestaltung.de\/staging\/garten-und-baumpflege\/\" \/>\n<meta property=\"og:site_name\" content=\"Zaiser Gartengestaltung\" \/>\n<meta property=\"article:modified_time\" content=\"2025-02-25T17:34:59+00:00\" \/>\n<meta property=\"og:image\" content=\"https:\/\/zaiser-gartengestaltung.de\/staging\/wp-content\/uploads\/2022\/01\/baumpflege-1.webp\" \/>\n\t<meta property=\"og:image:width\" content=\"960\" \/>\n\t<meta property=\"og:image:height\" content=\"641\" \/>\n\t<meta property=\"og:image:type\" content=\"image\/jpeg\" \/>\n<meta name=\"twitter:card\" content=\"summary_large_image\" \/>\n<meta name=\"twitter:title\" content=\"Garten- und Baumpflege\" \/>\n<meta name=\"twitter:description\" content=\"Die Zauberformel f\u00fcr einen sch\u00f6nen und gepflegten Garten ist die Regelm\u00e4\u00dfigkeit.\" \/>\n<meta name=\"twitter:image\" content=\"https:\/\/zaiser-gartengestaltung.de\/staging\/wp-content\/uploads\/2022\/01\/baumpflege-1.webp\" \/>\n<meta name=\"twitter:label1\" content=\"Gesch\u00e4tzte Lesezeit\" \/>\n\t<meta name=\"twitter:data1\" content=\"3\u00a0Minuten\" \/>\n<script type=\"application\/ld+json\" class=\"yoast-schema-graph\">{\"@context\":\"https:\/\/schema.org\",\"@graph\":[{\"@type\":\"WebPage\",\"@id\":\"https:\/\/zaiser-gartengestaltung.de\/staging\/garten-und-baumpflege\/\",\"url\":\"https:\/\/zaiser-gartengestaltung.de\/staging\/garten-und-baumpflege\/\",\"name\":\"Garten- und Baumpflege | Zaiser Gartengestaltung\",\"isPartOf\":{\"@id\":\"https:\/\/zaiser-gartengestaltung.de\/staging\/#website\"},\"primaryImageOfPage\":{\"@id\":\"https:\/\/zaiser-gartengestaltung.de\/staging\/garten-und-baumpflege\/#primaryimage\"},\"image\":{\"@id\":\"https:\/\/zaiser-gartengestaltung.de\/staging\/garten-und-baumpflege\/#primaryimage\"},\"thumbnailUrl\":\"https:\/\/zaiser-gartengestaltung.de\/wp-content\/uploads\/2025\/02\/baumfaellung-zaiser.webp\",\"datePublished\":\"2022-01-19T19:24:09+00:00\",\"dateModified\":\"2025-02-25T17:34:59+00:00\",\"description\":\"Die Zauberformel f\u00fcr einen sch\u00f6nen und gepflegten Garten ist die Regelm\u00e4\u00dfigkeit. Pflege und Erhaltung von B\u00e4umen ist eines unserer Fachgebiete,\",\"breadcrumb\":{\"@id\":\"https:\/\/zaiser-gartengestaltung.de\/staging\/garten-und-baumpflege\/#breadcrumb\"},\"inLanguage\":\"de\",\"potentialAction\":[{\"@type\":\"ReadAction\",\"target\":[\"https:\/\/zaiser-gartengestaltung.de\/staging\/garten-und-baumpflege\/\"]}]},{\"@type\":\"ImageObject\",\"inLanguage\":\"de\",\"@id\":\"https:\/\/zaiser-gartengestaltung.de\/staging\/garten-und-baumpflege\/#primaryimage\",\"url\":\"https:\/\/zaiser-gartengestaltung.de\/wp-content\/uploads\/2025\/02\/baumfaellung-zaiser.webp\",\"contentUrl\":\"https:\/\/zaiser-gartengestaltung.de\/wp-content\/uploads\/2025\/02\/baumfaellung-zaiser.webp\"},{\"@type\":\"BreadcrumbList\",\"@id\":\"https:\/\/zaiser-gartengestaltung.de\/staging\/garten-und-baumpflege\/#breadcrumb\",\"itemListElement\":[{\"@type\":\"ListItem\",\"position\":1,\"name\":\"Startseite\",\"item\":\"https:\/\/zaiser-gartengestaltung.de\/staging\/\"},{\"@type\":\"ListItem\",\"position\":2,\"name\":\"Garten- und Baumpflege\"}]},{\"@type\":\"WebSite\",\"@id\":\"https:\/\/zaiser-gartengestaltung.de\/staging\/#website\",\"url\":\"https:\/\/zaiser-gartengestaltung.de\/staging\/\",\"name\":\"Zaiser Gartengestaltung\",\"description\":\"Gartengestaltung ist unsere Inspiration\",\"publisher\":{\"@id\":\"https:\/\/zaiser-gartengestaltung.de\/staging\/#organization\"},\"potentialAction\":[{\"@type\":\"SearchAction\",\"target\":{\"@type\":\"EntryPoint\",\"urlTemplate\":\"https:\/\/zaiser-gartengestaltung.de\/staging\/?s={search_term_string}\"},\"query-input\":{\"@type\":\"PropertyValueSpecification\",\"valueRequired\":true,\"valueName\":\"search_term_string\"}}],\"inLanguage\":\"de\"},{\"@type\":\"Organization\",\"@id\":\"https:\/\/zaiser-gartengestaltung.de\/staging\/#organization\",\"name\":\"Zaiser Gartengestaltung\",\"url\":\"https:\/\/zaiser-gartengestaltung.de\/staging\/\",\"logo\":{\"@type\":\"ImageObject\",\"inLanguage\":\"de\",\"@id\":\"https:\/\/zaiser-gartengestaltung.de\/staging\/#\/schema\/logo\/image\/\",\"url\":\"https:\/\/zaiser-gartengestaltung.de\/staging\/wp-content\/uploads\/2022\/01\/zaiser_logo_w-png.webp\",\"contentUrl\":\"https:\/\/zaiser-gartengestaltung.de\/staging\/wp-content\/uploads\/2022\/01\/zaiser_logo_w-png.webp\",\"width\":400,\"height\":300,\"caption\":\"Zaiser Gartengestaltung\"},\"image\":{\"@id\":\"https:\/\/zaiser-gartengestaltung.de\/staging\/#\/schema\/logo\/image\/\"}}]}<\/script>\n<!-- \/ Yoast SEO plugin. -->","yoast_head_json":{"title":"Garten- und Baumpflege | Zaiser Gartengestaltung","description":"Die Zauberformel f\u00fcr einen sch\u00f6nen und gepflegten Garten ist die Regelm\u00e4\u00dfigkeit. Pflege und Erhaltung von B\u00e4umen ist eines unserer Fachgebiete,","robots":{"index":"noindex","follow":"follow","max-snippet":"max-snippet:-1","max-image-preview":"max-image-preview:large","max-video-preview":"max-video-preview:-1"},"og_locale":"de_DE","og_type":"article","og_title":"Garten- und Baumpflege","og_description":"Die Zauberformel f\u00fcr einen sch\u00f6nen und gepflegten Garten ist die Regelm\u00e4\u00dfigkeit.","og_url":"https:\/\/zaiser-gartengestaltung.de\/staging\/garten-und-baumpflege\/","og_site_name":"Zaiser Gartengestaltung","article_modified_time":"2025-02-25T17:34:59+00:00","og_image":[{"width":960,"height":641,"url":"https:\/\/zaiser-gartengestaltung.de\/staging\/wp-content\/uploads\/2022\/01\/baumpflege-1.webp","type":"image\/jpeg"}],"twitter_card":"summary_large_image","twitter_title":"Garten- und Baumpflege","twitter_description":"Die Zauberformel f\u00fcr einen sch\u00f6nen und gepflegten Garten ist die Regelm\u00e4\u00dfigkeit.","twitter_image":"https:\/\/zaiser-gartengestaltung.de\/staging\/wp-content\/uploads\/2022\/01\/baumpflege-1.webp","twitter_misc":{"Gesch\u00e4tzte Lesezeit":"3\u00a0Minuten"},"schema":{"@context":"https:\/\/schema.org","@graph":[{"@type":"WebPage","@id":"https:\/\/zaiser-gartengestaltung.de\/staging\/garten-und-baumpflege\/","url":"https:\/\/zaiser-gartengestaltung.de\/staging\/garten-und-baumpflege\/","name":"Garten- und Baumpflege | Zaiser Gartengestaltung","isPartOf":{"@id":"https:\/\/zaiser-gartengestaltung.de\/staging\/#website"},"primaryImageOfPage":{"@id":"https:\/\/zaiser-gartengestaltung.de\/staging\/garten-und-baumpflege\/#primaryimage"},"image":{"@id":"https:\/\/zaiser-gartengestaltung.de\/staging\/garten-und-baumpflege\/#primaryimage"},"thumbnailUrl":"https:\/\/zaiser-gartengestaltung.de\/wp-content\/uploads\/2025\/02\/baumfaellung-zaiser.webp","datePublished":"2022-01-19T19:24:09+00:00","dateModified":"2025-02-25T17:34:59+00:00","description":"Die Zauberformel f\u00fcr einen sch\u00f6nen und gepflegten Garten ist die Regelm\u00e4\u00dfigkeit. Pflege und Erhaltung von B\u00e4umen ist eines unserer Fachgebiete,","breadcrumb":{"@id":"https:\/\/zaiser-gartengestaltung.de\/staging\/garten-und-baumpflege\/#breadcrumb"},"inLanguage":"de","potentialAction":[{"@type":"ReadAction","target":["https:\/\/zaiser-gartengestaltung.de\/staging\/garten-und-baumpflege\/"]}]},{"@type":"ImageObject","inLanguage":"de","@id":"https:\/\/zaiser-gartengestaltung.de\/staging\/garten-und-baumpflege\/#primaryimage","url":"https:\/\/zaiser-gartengestaltung.de\/wp-content\/uploads\/2025\/02\/baumfaellung-zaiser.webp","contentUrl":"https:\/\/zaiser-gartengestaltung.de\/wp-content\/uploads\/2025\/02\/baumfaellung-zaiser.webp"},{"@type":"BreadcrumbList","@id":"https:\/\/zaiser-gartengestaltung.de\/staging\/garten-und-baumpflege\/#breadcrumb","itemListElement":[{"@type":"ListItem","position":1,"name":"Startseite","item":"https:\/\/zaiser-gartengestaltung.de\/staging\/"},{"@type":"ListItem","position":2,"name":"Garten- und Baumpflege"}]},{"@type":"WebSite","@id":"https:\/\/zaiser-gartengestaltung.de\/staging\/#website","url":"https:\/\/zaiser-gartengestaltung.de\/staging\/","name":"Zaiser Gartengestaltung","description":"Gartengestaltung ist unsere Inspiration","publisher":{"@id":"https:\/\/zaiser-gartengestaltung.de\/staging\/#organization"},"potentialAction":[{"@type":"SearchAction","target":{"@type":"EntryPoint","urlTemplate":"https:\/\/zaiser-gartengestaltung.de\/staging\/?s={search_term_string}"},"query-input":{"@type":"PropertyValueSpecification","valueRequired":true,"valueName":"search_term_string"}}],"inLanguage":"de"},{"@type":"Organization","@id":"https:\/\/zaiser-gartengestaltung.de\/staging\/#organization","name":"Zaiser Gartengestaltung","url":"https:\/\/zaiser-gartengestaltung.de\/staging\/","logo":{"@type":"ImageObject","inLanguage":"de","@id":"https:\/\/zaiser-gartengestaltung.de\/staging\/#\/schema\/logo\/image\/","url":"https:\/\/zaiser-gartengestaltung.de\/staging\/wp-content\/uploads\/2022\/01\/zaiser_logo_w-png.webp","contentUrl":"https:\/\/zaiser-gartengestaltung.de\/staging\/wp-content\/uploads\/2022\/01\/zaiser_logo_w-png.webp","width":400,"height":300,"caption":"Zaiser Gartengestaltung"},"image":{"@id":"https:\/\/zaiser-gartengestaltung.de\/staging\/#\/schema\/logo\/image\/"}}]}},"_links":{"self":[{"href":"https:\/\/zaiser-gartengestaltung.de\/staging\/wp-json\/wp\/v2\/pages\/356","targetHints":{"allow":["GET"]}}],"collection":[{"href":"https:\/\/zaiser-gartengestaltung.de\/staging\/wp-json\/wp\/v2\/pages"}],"about":[{"href":"https:\/\/zaiser-gartengestaltung.de\/staging\/wp-json\/wp\/v2\/types\/page"}],"author":[{"embeddable":true,"href":"https:\/\/zaiser-gartengestaltung.de\/staging\/wp-json\/wp\/v2\/users\/1"}],"replies":[{"embeddable":true,"href":"https:\/\/zaiser-gartengestaltung.de\/staging\/wp-json\/wp\/v2\/comments?post=356"}],"version-history":[{"count":95,"href":"https:\/\/zaiser-gartengestaltung.de\/staging\/wp-json\/wp\/v2\/pages\/356\/revisions"}],"predecessor-version":[{"id":3365,"href":"https:\/\/zaiser-gartengestaltung.de\/staging\/wp-json\/wp\/v2\/pages\/356\/revisions\/3365"}],"wp:attachment":[{"href":"https:\/\/zaiser-gartengestaltung.de\/staging\/wp-json\/wp\/v2\/media?parent=356"}],"curies":[{"name":"wp","href":"https:\/\/api.w.org\/{rel}","templated":true}]}}