{"id":2805,"date":"2025-01-21T14:33:55","date_gmt":"2025-01-21T13:33:55","guid":{"rendered":"https:\/\/zaiser-gartengestaltung.de\/widerrufsbelehrung\/"},"modified":"2025-03-26T11:59:00","modified_gmt":"2025-03-26T10:59:00","slug":"widerrufsbelehrung","status":"publish","type":"page","link":"https:\/\/zaiser-gartengestaltung.de\/staging\/widerrufsbelehrung\/","title":{"rendered":"Widerrufsbelehrung"},"content":{"rendered":"\t\t<div data-elementor-type=\"wp-page\" data-elementor-id=\"2805\" class=\"elementor elementor-2805\" data-elementor-post-type=\"page\">\n\t\t\t\t<div class=\"elementor-element elementor-element-1ca2961 e-con-full e-flex e-con e-parent\" data-id=\"1ca2961\" data-element_type=\"container\" data-settings=\"{&quot;background_background&quot;:&quot;classic&quot;}\">\n\t\t\t\t<\/div>\n\t\t<div class=\"elementor-element elementor-element-09a53d7 e-flex e-con-boxed e-con e-parent\" data-id=\"09a53d7\" data-element_type=\"container\">\n\t\t\t\t\t<div class=\"e-con-inner\">\n\t\t\t\t<div class=\"elementor-element elementor-element-59752a4 elementor-widget elementor-widget-heading\" data-id=\"59752a4\" data-element_type=\"widget\" data-widget_type=\"heading.default\">\n\t\t\t\t<div class=\"elementor-widget-container\">\n\t\t\t\t\t<h1 class=\"elementor-heading-title elementor-size-default\">Widerrufsrecht f\u00fcr Verbraucher<\/h1>\t\t\t\t<\/div>\n\t\t\t\t<\/div>\n\t\t\t\t<div class=\"elementor-element elementor-element-37170d8 elementor-widget elementor-widget-text-editor\" data-id=\"37170d8\" data-element_type=\"widget\" data-widget_type=\"text-editor.default\">\n\t\t\t\t<div class=\"elementor-widget-container\">\n\t\t\t\t\t\t\t\t\t<p class=\"elementor-heading-title elementor-size-default\"><strong>Widerrufsbelehrung, Widerrufsrecht<\/strong><\/p><p>\u00a0<\/p><p class=\"\" data-start=\"138\" data-end=\"361\">Sie haben das Recht, binnen 14 Tagen ohne Angabe von Gr\u00fcnden diesen Vertrag zu widerrufen. Die Widerrufsfrist betr\u00e4gt 14 Tage ab dem Tag, an dem Sie oder ein von Ihnen benannter Dritter die Waren in Besitz genommen haben.<\/p><p class=\"\" data-start=\"363\" data-end=\"613\">Um Ihr Widerrufsrecht auszu\u00fcben, m\u00fcssen Sie uns mittels einer eindeutigen Erkl\u00e4rung (z. B. per Brief oder E-Mail) \u00fcber Ihren Entschluss informieren. Sie k\u00f6nnen daf\u00fcr unser <strong data-start=\"535\" data-end=\"563\">Muster-Widerrufsformular<\/strong> verwenden, das jedoch nicht vorgeschrieben ist.<\/p><p data-start=\"363\" data-end=\"613\">\u00a0<\/p><h3 class=\"\" data-start=\"615\" data-end=\"645\"><strong data-start=\"619\" data-end=\"643\">Folgen des Widerrufs<\/strong><\/h3><p class=\"\" data-start=\"647\" data-end=\"1052\">Wenn Sie diesen Vertrag widerrufen, erstatten wir Ihnen alle Zahlungen, die wir von Ihnen erhalten haben, einschlie\u00dflich der Lieferkosten (mit Ausnahme zus\u00e4tzlicher Kosten, die sich daraus ergeben, dass Sie eine andere Art der Lieferung als die von uns angebotene gew\u00e4hlt haben). Die R\u00fcckzahlung erfolgt sp\u00e4testens binnen 14 Tagen nach Eingang der R\u00fccksendung oder eines Nachweises \u00fcber die R\u00fccksendung.<\/p><p class=\"\" data-start=\"1054\" data-end=\"1277\">Die R\u00fccksendekosten tragen Sie selbst. F\u00fcr eine Wertminderung der Waren haften Sie nur, wenn diese auf einen Umgang zur\u00fcckzuf\u00fchren ist, der \u00fcber die Pr\u00fcfung der Beschaffenheit, Eigenschaften und Funktionsweise hinausgeht.<\/p><p data-start=\"1054\" data-end=\"1277\">\u00a0<\/p><h3 class=\"\" data-start=\"1279\" data-end=\"1319\"><strong data-start=\"1283\" data-end=\"1317\">Ausschluss des Widerrufsrechts<\/strong><\/h3><p class=\"\" data-start=\"1321\" data-end=\"1380\">Das Widerrufsrecht besteht <strong data-start=\"1348\" data-end=\"1357\">nicht<\/strong> bei folgenden Waren:<\/p><ul data-start=\"1382\" data-end=\"1830\"><li class=\"\" data-start=\"1382\" data-end=\"1563\"><p class=\"\" data-start=\"1384\" data-end=\"1563\"><strong data-start=\"1384\" data-end=\"1434\">Sch\u00fcttgut und individuell abgef\u00fcllte Baustoffe<\/strong> (z. B. Sand, Kies, Schotter, Beton), da diese nach Kundenspezifikation abgef\u00fcllt und nicht f\u00fcr eine R\u00fccksendung geeignet sind.<\/p><\/li><li class=\"\" data-start=\"1564\" data-end=\"1656\"><p class=\"\" data-start=\"1566\" data-end=\"1656\">Waren, die schnell verderben k\u00f6nnen oder deren Verfallsdatum schnell \u00fcberschritten wird.<\/p><\/li><li class=\"\" data-start=\"1657\" data-end=\"1830\"><p class=\"\" data-start=\"1659\" data-end=\"1830\">Versiegelte Waren, die aus Gr\u00fcnden des Gesundheitsschutzes oder der Hygiene nicht zur R\u00fcckgabe geeignet sind, sofern ihre Versiegelung nach der Lieferung entfernt wurde.<\/p><\/li><\/ul><p>\u00a0<\/p><h2 class=\"elementor-heading-title elementor-size-default\">Muster-Widerrufsformular<\/h2><p>\u00a0<\/p><p class=\"\" data-start=\"1861\" data-end=\"1993\">Wenn Sie den Vertrag widerrufen m\u00f6chten, dann f\u00fcllen Sie bitte das folgende <strong data-start=\"1937\" data-end=\"1958\">Widerrufsformular<\/strong> aus und senden es an uns zur\u00fcck:<\/p><p class=\"\" data-start=\"1995\" data-end=\"2059\"><strong data-start=\"1995\" data-end=\"2002\">An:<\/strong><br data-start=\"2002\" data-end=\"2005\" \/>Zaiser Gartengestaltung GmbH<br data-start=\"2021\" data-end=\"2024\" \/>Blaubeurer Stra\u00dfe 9<br \/>89134 Blaustein<br data-start=\"2038\" data-end=\"2041\" \/><span class=\"elementor-icon-list-text\">info@zaiser-gartengestaltung.de<\/span><\/p><p class=\"\" data-start=\"2061\" data-end=\"2170\"><strong data-start=\"2061\" data-end=\"2168\">Hiermit widerrufe(n) ich\/wir den von mir\/uns abgeschlossenen Vertrag \u00fcber den Kauf der folgenden Waren:<\/strong><\/p><ul data-start=\"2172\" data-end=\"2353\"><li class=\"\" data-start=\"2172\" data-end=\"2196\"><p class=\"\" data-start=\"2174\" data-end=\"2196\">Bestellt am: [Datum]<\/p><\/li><li class=\"\" data-start=\"2197\" data-end=\"2221\"><p class=\"\" data-start=\"2199\" data-end=\"2221\">Erhalten am: [Datum]<\/p><\/li><li class=\"\" data-start=\"2222\" data-end=\"2248\"><p class=\"\" data-start=\"2224\" data-end=\"2248\">Name des Verbrauchers:<\/p><\/li><li class=\"\" data-start=\"2249\" data-end=\"2280\"><p class=\"\" data-start=\"2251\" data-end=\"2280\">Anschrift des Verbrauchers:<\/p><\/li><li class=\"\" data-start=\"2281\" data-end=\"2291\"><p class=\"\" data-start=\"2283\" data-end=\"2291\">Datum:<\/p><\/li><li class=\"\" data-start=\"2292\" data-end=\"2353\"><p class=\"\" data-start=\"2294\" data-end=\"2353\">Unterschrift (nur bei Mitteilung auf Papier erforderlich)<\/p><\/li><\/ul><p class=\"\" data-start=\"2355\" data-end=\"2451\">Bitte senden Sie das ausgef\u00fcllte Formular an die oben genannte Adresse oder per E-Mail an uns.<\/p><p class=\"\" data-start=\"2453\" data-end=\"2528\">Falls Sie Fragen zu Ihrem Widerrufsrecht haben, kontaktieren Sie uns gerne.<\/p>\t\t\t\t\t\t\t\t<\/div>\n\t\t\t\t<\/div>\n\t\t\t\t\t<\/div>\n\t\t\t\t<\/div>\n\t\t\t\t<\/div>\n\t\t","protected":false},"excerpt":{"rendered":"<p>Widerrufsrecht f\u00fcr Verbraucher Widerrufsbelehrung, Widerrufsrecht \u00a0 Sie haben das Recht, binnen 14 Tagen ohne Angabe von Gr\u00fcnden diesen Vertrag zu widerrufen. Die Widerrufsfrist betr\u00e4gt 14 Tage ab dem Tag, an dem Sie oder ein von Ihnen benannter Dritter die Waren in Besitz genommen haben. Um Ihr Widerrufsrecht auszu\u00fcben, m\u00fcssen Sie uns mittels einer eindeutigen Erkl\u00e4rung [&hellip;]<\/p>\n","protected":false},"author":1,"featured_media":0,"parent":0,"menu_order":0,"comment_status":"closed","ping_status":"closed","template":"","meta":{"footnotes":""},"class_list":["post-2805","page","type-page","status-publish","hentry"],"yoast_head":"<!-- This site is optimized with the Yoast SEO plugin v24.8.1 - https:\/\/yoast.com\/wordpress\/plugins\/seo\/ -->\n<title>Widerrufsbelehrung | Zaiser Gartengestaltung<\/title>\n<meta name=\"robots\" content=\"noindex, follow, max-snippet:-1, max-image-preview:large, max-video-preview:-1\" \/>\n<meta property=\"og:locale\" content=\"de_DE\" \/>\n<meta property=\"og:type\" content=\"article\" \/>\n<meta property=\"og:title\" content=\"Widerrufsbelehrung | Zaiser Gartengestaltung\" \/>\n<meta property=\"og:description\" content=\"Widerrufsrecht f\u00fcr Verbraucher Widerrufsbelehrung, Widerrufsrecht \u00a0 Sie haben das Recht, binnen 14 Tagen ohne Angabe von Gr\u00fcnden diesen Vertrag zu widerrufen. Die Widerrufsfrist betr\u00e4gt 14 Tage ab dem Tag, an dem Sie oder ein von Ihnen benannter Dritter die Waren in Besitz genommen haben. Um Ihr Widerrufsrecht auszu\u00fcben, m\u00fcssen Sie uns mittels einer eindeutigen Erkl\u00e4rung [&hellip;]\" \/>\n<meta property=\"og:url\" content=\"https:\/\/zaiser-gartengestaltung.de\/staging\/widerrufsbelehrung\/\" \/>\n<meta property=\"og:site_name\" content=\"Zaiser Gartengestaltung\" \/>\n<meta property=\"article:modified_time\" content=\"2025-03-26T10:59:00+00:00\" \/>\n<meta name=\"twitter:card\" content=\"summary_large_image\" \/>\n<meta name=\"twitter:label1\" content=\"Gesch\u00e4tzte Lesezeit\" \/>\n\t<meta name=\"twitter:data1\" content=\"2\u00a0Minuten\" \/>\n<script type=\"application\/ld+json\" class=\"yoast-schema-graph\">{\"@context\":\"https:\/\/schema.org\",\"@graph\":[{\"@type\":\"WebPage\",\"@id\":\"https:\/\/zaiser-gartengestaltung.de\/staging\/widerrufsbelehrung\/\",\"url\":\"https:\/\/zaiser-gartengestaltung.de\/staging\/widerrufsbelehrung\/\",\"name\":\"Widerrufsbelehrung | Zaiser Gartengestaltung\",\"isPartOf\":{\"@id\":\"https:\/\/zaiser-gartengestaltung.de\/staging\/#website\"},\"datePublished\":\"2025-01-21T13:33:55+00:00\",\"dateModified\":\"2025-03-26T10:59:00+00:00\",\"breadcrumb\":{\"@id\":\"https:\/\/zaiser-gartengestaltung.de\/staging\/widerrufsbelehrung\/#breadcrumb\"},\"inLanguage\":\"de\",\"potentialAction\":[{\"@type\":\"ReadAction\",\"target\":[\"https:\/\/zaiser-gartengestaltung.de\/staging\/widerrufsbelehrung\/\"]}]},{\"@type\":\"BreadcrumbList\",\"@id\":\"https:\/\/zaiser-gartengestaltung.de\/staging\/widerrufsbelehrung\/#breadcrumb\",\"itemListElement\":[{\"@type\":\"ListItem\",\"position\":1,\"name\":\"Startseite\",\"item\":\"https:\/\/zaiser-gartengestaltung.de\/staging\/\"},{\"@type\":\"ListItem\",\"position\":2,\"name\":\"Widerrufsbelehrung\"}]},{\"@type\":\"WebSite\",\"@id\":\"https:\/\/zaiser-gartengestaltung.de\/staging\/#website\",\"url\":\"https:\/\/zaiser-gartengestaltung.de\/staging\/\",\"name\":\"Zaiser Gartengestaltung\",\"description\":\"Gartengestaltung ist unsere Inspiration\",\"publisher\":{\"@id\":\"https:\/\/zaiser-gartengestaltung.de\/staging\/#organization\"},\"potentialAction\":[{\"@type\":\"SearchAction\",\"target\":{\"@type\":\"EntryPoint\",\"urlTemplate\":\"https:\/\/zaiser-gartengestaltung.de\/staging\/?s={search_term_string}\"},\"query-input\":{\"@type\":\"PropertyValueSpecification\",\"valueRequired\":true,\"valueName\":\"search_term_string\"}}],\"inLanguage\":\"de\"},{\"@type\":\"Organization\",\"@id\":\"https:\/\/zaiser-gartengestaltung.de\/staging\/#organization\",\"name\":\"Zaiser Gartengestaltung\",\"url\":\"https:\/\/zaiser-gartengestaltung.de\/staging\/\",\"logo\":{\"@type\":\"ImageObject\",\"inLanguage\":\"de\",\"@id\":\"https:\/\/zaiser-gartengestaltung.de\/staging\/#\/schema\/logo\/image\/\",\"url\":\"https:\/\/zaiser-gartengestaltung.de\/staging\/wp-content\/uploads\/2022\/01\/zaiser_logo_w-png.webp\",\"contentUrl\":\"https:\/\/zaiser-gartengestaltung.de\/staging\/wp-content\/uploads\/2022\/01\/zaiser_logo_w-png.webp\",\"width\":400,\"height\":300,\"caption\":\"Zaiser Gartengestaltung\"},\"image\":{\"@id\":\"https:\/\/zaiser-gartengestaltung.de\/staging\/#\/schema\/logo\/image\/\"}}]}<\/script>\n<!-- \/ Yoast SEO plugin. -->","yoast_head_json":{"title":"Widerrufsbelehrung | Zaiser Gartengestaltung","robots":{"index":"noindex","follow":"follow","max-snippet":"max-snippet:-1","max-image-preview":"max-image-preview:large","max-video-preview":"max-video-preview:-1"},"og_locale":"de_DE","og_type":"article","og_title":"Widerrufsbelehrung | Zaiser Gartengestaltung","og_description":"Widerrufsrecht f\u00fcr Verbraucher Widerrufsbelehrung, Widerrufsrecht \u00a0 Sie haben das Recht, binnen 14 Tagen ohne Angabe von Gr\u00fcnden diesen Vertrag zu widerrufen. Die Widerrufsfrist betr\u00e4gt 14 Tage ab dem Tag, an dem Sie oder ein von Ihnen benannter Dritter die Waren in Besitz genommen haben. Um Ihr Widerrufsrecht auszu\u00fcben, m\u00fcssen Sie uns mittels einer eindeutigen Erkl\u00e4rung [&hellip;]","og_url":"https:\/\/zaiser-gartengestaltung.de\/staging\/widerrufsbelehrung\/","og_site_name":"Zaiser Gartengestaltung","article_modified_time":"2025-03-26T10:59:00+00:00","twitter_card":"summary_large_image","twitter_misc":{"Gesch\u00e4tzte Lesezeit":"2\u00a0Minuten"},"schema":{"@context":"https:\/\/schema.org","@graph":[{"@type":"WebPage","@id":"https:\/\/zaiser-gartengestaltung.de\/staging\/widerrufsbelehrung\/","url":"https:\/\/zaiser-gartengestaltung.de\/staging\/widerrufsbelehrung\/","name":"Widerrufsbelehrung | Zaiser Gartengestaltung","isPartOf":{"@id":"https:\/\/zaiser-gartengestaltung.de\/staging\/#website"},"datePublished":"2025-01-21T13:33:55+00:00","dateModified":"2025-03-26T10:59:00+00:00","breadcrumb":{"@id":"https:\/\/zaiser-gartengestaltung.de\/staging\/widerrufsbelehrung\/#breadcrumb"},"inLanguage":"de","potentialAction":[{"@type":"ReadAction","target":["https:\/\/zaiser-gartengestaltung.de\/staging\/widerrufsbelehrung\/"]}]},{"@type":"BreadcrumbList","@id":"https:\/\/zaiser-gartengestaltung.de\/staging\/widerrufsbelehrung\/#breadcrumb","itemListElement":[{"@type":"ListItem","position":1,"name":"Startseite","item":"https:\/\/zaiser-gartengestaltung.de\/staging\/"},{"@type":"ListItem","position":2,"name":"Widerrufsbelehrung"}]},{"@type":"WebSite","@id":"https:\/\/zaiser-gartengestaltung.de\/staging\/#website","url":"https:\/\/zaiser-gartengestaltung.de\/staging\/","name":"Zaiser Gartengestaltung","description":"Gartengestaltung ist unsere Inspiration","publisher":{"@id":"https:\/\/zaiser-gartengestaltung.de\/staging\/#organization"},"potentialAction":[{"@type":"SearchAction","target":{"@type":"EntryPoint","urlTemplate":"https:\/\/zaiser-gartengestaltung.de\/staging\/?s={search_term_string}"},"query-input":{"@type":"PropertyValueSpecification","valueRequired":true,"valueName":"search_term_string"}}],"inLanguage":"de"},{"@type":"Organization","@id":"https:\/\/zaiser-gartengestaltung.de\/staging\/#organization","name":"Zaiser Gartengestaltung","url":"https:\/\/zaiser-gartengestaltung.de\/staging\/","logo":{"@type":"ImageObject","inLanguage":"de","@id":"https:\/\/zaiser-gartengestaltung.de\/staging\/#\/schema\/logo\/image\/","url":"https:\/\/zaiser-gartengestaltung.de\/staging\/wp-content\/uploads\/2022\/01\/zaiser_logo_w-png.webp","contentUrl":"https:\/\/zaiser-gartengestaltung.de\/staging\/wp-content\/uploads\/2022\/01\/zaiser_logo_w-png.webp","width":400,"height":300,"caption":"Zaiser Gartengestaltung"},"image":{"@id":"https:\/\/zaiser-gartengestaltung.de\/staging\/#\/schema\/logo\/image\/"}}]}},"_links":{"self":[{"href":"https:\/\/zaiser-gartengestaltung.de\/staging\/wp-json\/wp\/v2\/pages\/2805","targetHints":{"allow":["GET"]}}],"collection":[{"href":"https:\/\/zaiser-gartengestaltung.de\/staging\/wp-json\/wp\/v2\/pages"}],"about":[{"href":"https:\/\/zaiser-gartengestaltung.de\/staging\/wp-json\/wp\/v2\/types\/page"}],"author":[{"embeddable":true,"href":"https:\/\/zaiser-gartengestaltung.de\/staging\/wp-json\/wp\/v2\/users\/1"}],"replies":[{"embeddable":true,"href":"https:\/\/zaiser-gartengestaltung.de\/staging\/wp-json\/wp\/v2\/comments?post=2805"}],"version-history":[{"count":7,"href":"https:\/\/zaiser-gartengestaltung.de\/staging\/wp-json\/wp\/v2\/pages\/2805\/revisions"}],"predecessor-version":[{"id":3784,"href":"https:\/\/zaiser-gartengestaltung.de\/staging\/wp-json\/wp\/v2\/pages\/2805\/revisions\/3784"}],"wp:attachment":[{"href":"https:\/\/zaiser-gartengestaltung.de\/staging\/wp-json\/wp\/v2\/media?parent=2805"}],"curies":[{"name":"wp","href":"https:\/\/api.w.org\/{rel}","templated":true}]}}