{"id":2804,"date":"2025-01-21T14:33:55","date_gmt":"2025-01-21T13:33:55","guid":{"rendered":"https:\/\/zaiser-gartengestaltung.de\/agb\/"},"modified":"2025-04-15T08:38:33","modified_gmt":"2025-04-15T06:38:33","slug":"agb","status":"publish","type":"page","link":"https:\/\/zaiser-gartengestaltung.de\/staging\/agb\/","title":{"rendered":"AGB"},"content":{"rendered":"\t\t<div data-elementor-type=\"wp-page\" data-elementor-id=\"2804\" class=\"elementor elementor-2804\" data-elementor-post-type=\"page\">\n\t\t\t\t<div class=\"elementor-element elementor-element-bfa2a63 e-con-full e-flex e-con e-parent\" data-id=\"bfa2a63\" data-element_type=\"container\" data-settings=\"{&quot;background_background&quot;:&quot;classic&quot;}\">\n\t\t\t\t<\/div>\n\t\t<div class=\"elementor-element elementor-element-a1679ed e-flex e-con-boxed e-con e-parent\" data-id=\"a1679ed\" data-element_type=\"container\">\n\t\t\t\t\t<div class=\"e-con-inner\">\n\t\t\t\t<div class=\"elementor-element elementor-element-6e5e6e5 elementor-widget elementor-widget-heading\" data-id=\"6e5e6e5\" data-element_type=\"widget\" data-widget_type=\"heading.default\">\n\t\t\t\t<div class=\"elementor-widget-container\">\n\t\t\t\t\t<h2 class=\"elementor-heading-title elementor-size-default\">Allgemeine Gesch\u00e4ftsbedingungen (AGB)<\/h2>\t\t\t\t<\/div>\n\t\t\t\t<\/div>\n\t\t\t\t<div class=\"elementor-element elementor-element-39143c1 elementor-widget-divider--view-line elementor-widget elementor-widget-divider\" data-id=\"39143c1\" data-element_type=\"widget\" data-widget_type=\"divider.default\">\n\t\t\t\t<div class=\"elementor-widget-container\">\n\t\t\t\t\t\t\t<div class=\"elementor-divider\">\n\t\t\t<span class=\"elementor-divider-separator\">\n\t\t\t\t\t\t<\/span>\n\t\t<\/div>\n\t\t\t\t\t\t<\/div>\n\t\t\t\t<\/div>\n\t\t\t\t<div class=\"elementor-element elementor-element-ae14b40 elementor-widget elementor-widget-heading\" data-id=\"ae14b40\" data-element_type=\"widget\" data-widget_type=\"heading.default\">\n\t\t\t\t<div class=\"elementor-widget-container\">\n\t\t\t\t\t<h2 class=\"elementor-heading-title elementor-size-default\">1. Geltungsbereich<\/h2>\t\t\t\t<\/div>\n\t\t\t\t<\/div>\n\t\t\t\t<div class=\"elementor-element elementor-element-d427bf7 elementor-widget elementor-widget-text-editor\" data-id=\"d427bf7\" data-element_type=\"widget\" data-widget_type=\"text-editor.default\">\n\t\t\t\t<div class=\"elementor-widget-container\">\n\t\t\t\t\t\t\t\t\t<p>Zaiser Gartengestaltung GmbH<br \/>Blaubeurer Stra\u00dfe 9, 89134 Blaustein<br \/>Telefon: 07304 417 14<br \/>E-Mail: <a href=\"mailto:info@zaiser-gartengestaltung.de\">info@zaiser-gartengestaltung.de<\/a><\/p><p>Handelsregister: Amtsgericht Ulm\u00a0<br \/>HRB 720004<\/p>\t\t\t\t\t\t\t\t<\/div>\n\t\t\t\t<\/div>\n\t\t\t\t<div class=\"elementor-element elementor-element-9facd02 elementor-widget elementor-widget-heading\" data-id=\"9facd02\" data-element_type=\"widget\" data-widget_type=\"heading.default\">\n\t\t\t\t<div class=\"elementor-widget-container\">\n\t\t\t\t\t<h2 class=\"elementor-heading-title elementor-size-default\">1. Geltungsbereich<\/h2>\t\t\t\t<\/div>\n\t\t\t\t<\/div>\n\t\t\t\t<div class=\"elementor-element elementor-element-f8c850a elementor-widget elementor-widget-text-editor\" data-id=\"f8c850a\" data-element_type=\"widget\" data-widget_type=\"text-editor.default\">\n\t\t\t\t<div class=\"elementor-widget-container\">\n\t\t\t\t\t\t\t\t\t<p>Diese Allgemeinen Gesch\u00e4ftsbedingungen gelten f\u00fcr alle Bestellungen, die Verbraucher (\u00a7 13 BGB) und Unternehmer (\u00a7 14 BGB) \u00fcber den Onlineshop der Zaiser Gartengestaltung GmbH t\u00e4tigen.<\/p>\t\t\t\t\t\t\t\t<\/div>\n\t\t\t\t<\/div>\n\t\t\t\t<div class=\"elementor-element elementor-element-d51f08a elementor-widget elementor-widget-heading\" data-id=\"d51f08a\" data-element_type=\"widget\" data-widget_type=\"heading.default\">\n\t\t\t\t<div class=\"elementor-widget-container\">\n\t\t\t\t\t<h2 class=\"elementor-heading-title elementor-size-default\">2. Vertragspartner<\/h2>\t\t\t\t<\/div>\n\t\t\t\t<\/div>\n\t\t\t\t<div class=\"elementor-element elementor-element-6400982 elementor-widget elementor-widget-text-editor\" data-id=\"6400982\" data-element_type=\"widget\" data-widget_type=\"text-editor.default\">\n\t\t\t\t<div class=\"elementor-widget-container\">\n\t\t\t\t\t\t\t\t\t<p>Der Kaufvertrag kommt zustande mit:<\/p>\n<p><strong>Zaiser Gartengestaltung GmbH<\/strong><br\/>Blaubeurer Stra\u00dfe 9<br \/>89134 Blaustein<br\/>Deutschland<\/p>\n<p >Vertreten durch die Gesch\u00e4ftsf\u00fchrung.<\/p>\t\t\t\t\t\t\t\t<\/div>\n\t\t\t\t<\/div>\n\t\t\t\t<div class=\"elementor-element elementor-element-6216232 elementor-widget elementor-widget-heading\" data-id=\"6216232\" data-element_type=\"widget\" data-widget_type=\"heading.default\">\n\t\t\t\t<div class=\"elementor-widget-container\">\n\t\t\t\t\t<h2 class=\"elementor-heading-title elementor-size-default\">3. Angebot und Vertragsschluss<\/h2>\t\t\t\t<\/div>\n\t\t\t\t<\/div>\n\t\t\t\t<div class=\"elementor-element elementor-element-dc7d5d4 elementor-widget elementor-widget-text-editor\" data-id=\"dc7d5d4\" data-element_type=\"widget\" data-widget_type=\"text-editor.default\">\n\t\t\t\t<div class=\"elementor-widget-container\">\n\t\t\t\t\t\t\t\t\t(1) F\u00fcr Produkte wie D\u00fcngemittel, Saatgut und Abdeckmaterial kommt der Kaufvertrag durch Abschluss des Bestellvorgangs \u00fcber den Onlineshop zustande.<br\/>(2) F\u00fcr Sch\u00fcttgut, Baumaterialien und vergleichbare Produkte ist kein Direktkauf m\u00f6glich. Diese Artikel k\u00f6nnen \u00fcber die Funktion <strong>\u201eAngebot anfragen\u201c<\/strong> angefragt werden. Ein Vertrag kommt erst zustande, wenn der Kunde das auf Basis der Anfrage erstellte Angebot ausdr\u00fccklich annimmt.<br \/>(3) Alle Angebote sind freibleibend.\t\t\t\t\t\t\t\t<\/div>\n\t\t\t\t<\/div>\n\t\t\t\t<div class=\"elementor-element elementor-element-a955363 elementor-widget elementor-widget-heading\" data-id=\"a955363\" data-element_type=\"widget\" data-widget_type=\"heading.default\">\n\t\t\t\t<div class=\"elementor-widget-container\">\n\t\t\t\t\t<h2 class=\"elementor-heading-title elementor-size-default\">4. Preise und Zahlungsbedingungen<\/h2>\t\t\t\t<\/div>\n\t\t\t\t<\/div>\n\t\t\t\t<div class=\"elementor-element elementor-element-f054ed9 elementor-widget elementor-widget-text-editor\" data-id=\"f054ed9\" data-element_type=\"widget\" data-widget_type=\"text-editor.default\">\n\t\t\t\t<div class=\"elementor-widget-container\">\n\t\t\t\t\t\t\t\t\t<p>(1) Alle Preise verstehen sich in Euro und enthalten \u2013 sofern nicht anders angegeben \u2013 die gesetzliche Mehrwertsteuer.<br\/><br\/>(2) Als Zahlungsart steht <strong >PayPal<\/strong> zur Verf\u00fcgung. Die Zahlung ist unmittelbar mit Vertragsabschluss f\u00e4llig.<\/p>\t\t\t\t\t\t\t\t<\/div>\n\t\t\t\t<\/div>\n\t\t\t\t<div class=\"elementor-element elementor-element-49662f8 elementor-widget elementor-widget-heading\" data-id=\"49662f8\" data-element_type=\"widget\" data-widget_type=\"heading.default\">\n\t\t\t\t<div class=\"elementor-widget-container\">\n\t\t\t\t\t<h2 class=\"elementor-heading-title elementor-size-default\">5. Lieferung<\/h2>\t\t\t\t<\/div>\n\t\t\t\t<\/div>\n\t\t\t\t<div class=\"elementor-element elementor-element-6cf9fac elementor-widget elementor-widget-text-editor\" data-id=\"6cf9fac\" data-element_type=\"widget\" data-widget_type=\"text-editor.default\">\n\t\t\t\t<div class=\"elementor-widget-container\">\n\t\t\t\t\t\t\t\t\t(1) Der Versand erfolgt ausschlie\u00dflich innerhalb Deutschlands.<br\/>(2) F\u00fcr alle \u00fcber den Onlineshop direkt bestellten Produkte erfolgt die Lieferung <strong>kostenfrei<\/strong> an die vom Kunden angegebene Lieferadresse.<br\/>(3) Liefertermine und -fristen ergeben sich aus dem jeweiligen Angebot bzw. der Auftragsbest\u00e4tigung.<br \/>(4) Bei Produkten, die \u00fcber \u201eAngebot anfragen\u201c bestellt werden (z.\u202fB. Bigbags, Sch\u00fcttgut), kann es abh\u00e4ngig von Umfang und Art der Lieferung zu <strong>zus\u00e4tzlichen Kosten f\u00fcr das Abladen vor Ort<\/strong> kommen. Das Abladen erfolgt in der Regel <strong>nicht durch den Fahrer<\/strong>. Der Einsatz eines geeigneten Entladeger\u00e4ts (z.\u202fB. Kran oder Radlader) kann erforderlich sein. Diese Kosten werden im Angebot separat ausgewiesen.\t\t\t\t\t\t\t\t<\/div>\n\t\t\t\t<\/div>\n\t\t\t\t<div class=\"elementor-element elementor-element-d427f26 elementor-widget elementor-widget-heading\" data-id=\"d427f26\" data-element_type=\"widget\" data-widget_type=\"heading.default\">\n\t\t\t\t<div class=\"elementor-widget-container\">\n\t\t\t\t\t<h2 class=\"elementor-heading-title elementor-size-default\">6. Widerrufsrecht<\/h2>\t\t\t\t<\/div>\n\t\t\t\t<\/div>\n\t\t\t\t<div class=\"elementor-element elementor-element-6914fe9 elementor-widget elementor-widget-text-editor\" data-id=\"6914fe9\" data-element_type=\"widget\" data-widget_type=\"text-editor.default\">\n\t\t\t\t<div class=\"elementor-widget-container\">\n\t\t\t\t\t\t\t\t\t<p>Verbraucher haben ein gesetzliches Widerrufsrecht. Die Widerrufsbelehrung sowie das Widerrufsformular sind <strong><a href=\"https:\/\/zaiser-gartengestaltung.de\/widerrufsbelehrung\/\">hier<\/a><\/strong> einsehbar.<\/p>\t\t\t\t\t\t\t\t<\/div>\n\t\t\t\t<\/div>\n\t\t\t\t<div class=\"elementor-element elementor-element-e7287bf elementor-widget elementor-widget-heading\" data-id=\"e7287bf\" data-element_type=\"widget\" data-widget_type=\"heading.default\">\n\t\t\t\t<div class=\"elementor-widget-container\">\n\t\t\t\t\t<h2 class=\"elementor-heading-title elementor-size-default\">7. Eigentumsvorbehalt<\/h2>\t\t\t\t<\/div>\n\t\t\t\t<\/div>\n\t\t\t\t<div class=\"elementor-element elementor-element-4f54fe3 elementor-widget elementor-widget-text-editor\" data-id=\"4f54fe3\" data-element_type=\"widget\" data-widget_type=\"text-editor.default\">\n\t\t\t\t<div class=\"elementor-widget-container\">\n\t\t\t\t\t\t\t\t\t<p>Die Ware bleibt bis zur vollst\u00e4ndigen Bezahlung unser Eigentum.<br \/>F\u00fcr Unternehmer gilt erg\u00e4nzend: Wir behalten uns das Eigentum an der Ware bis zum vollst\u00e4ndigen Ausgleich aller Forderungen aus der laufenden Gesch\u00e4ftsbeziehung vor.<\/p>\t\t\t\t\t\t\t\t<\/div>\n\t\t\t\t<\/div>\n\t\t\t\t<div class=\"elementor-element elementor-element-942fedc elementor-widget elementor-widget-heading\" data-id=\"942fedc\" data-element_type=\"widget\" data-widget_type=\"heading.default\">\n\t\t\t\t<div class=\"elementor-widget-container\">\n\t\t\t\t\t<h2 class=\"elementor-heading-title elementor-size-default\">8. Gew\u00e4hrleistung und Haftung<\/h2>\t\t\t\t<\/div>\n\t\t\t\t<\/div>\n\t\t\t\t<div class=\"elementor-element elementor-element-09d99e8 elementor-widget elementor-widget-text-editor\" data-id=\"09d99e8\" data-element_type=\"widget\" data-widget_type=\"text-editor.default\">\n\t\t\t\t<div class=\"elementor-widget-container\">\n\t\t\t\t\t\t\t\t\t<p>(1) Es gelten die gesetzlichen Gew\u00e4hrleistungsrechte.<br \/>(2) Gegen\u00fcber Unternehmern betr\u00e4gt die Gew\u00e4hrleistungsfrist f\u00fcr von uns gelieferte Waren 12 Monate.<br \/>(3) Anspr\u00fcche auf Schadensersatz sind ausgeschlossen, soweit nicht Vorsatz oder grobe Fahrl\u00e4ssigkeit vorliegt oder eine Verletzung wesentlicher Vertragspflichten betroffen ist.<\/p>\t\t\t\t\t\t\t\t<\/div>\n\t\t\t\t<\/div>\n\t\t\t\t<div class=\"elementor-element elementor-element-5920131 elementor-widget elementor-widget-heading\" data-id=\"5920131\" data-element_type=\"widget\" data-widget_type=\"heading.default\">\n\t\t\t\t<div class=\"elementor-widget-container\">\n\t\t\t\t\t<h2 class=\"elementor-heading-title elementor-size-default\">9. Streitbeilegung<\/h2>\t\t\t\t<\/div>\n\t\t\t\t<\/div>\n\t\t\t\t<div class=\"elementor-element elementor-element-64d6a62 elementor-widget elementor-widget-text-editor\" data-id=\"64d6a62\" data-element_type=\"widget\" data-widget_type=\"text-editor.default\">\n\t\t\t\t<div class=\"elementor-widget-container\">\n\t\t\t\t\t\t\t\t\t<p>Die EU-Kommission stellt eine Plattform zur Online-Streitbeilegung (OS) bereit:<br \/><a class=\"\" href=\"https:\/\/ec.europa.eu\/consumers\/odr\" target=\"_new\" rel=\"noopener\">https:\/\/ec.europa.eu\/consumers\/odr<\/a><br \/>Wir sind nicht verpflichtet und nicht bereit, an einem Streitbeilegungsverfahren vor einer Verbraucherschlichtungsstelle teilzunehmen.<\/p>\t\t\t\t\t\t\t\t<\/div>\n\t\t\t\t<\/div>\n\t\t\t\t<div class=\"elementor-element elementor-element-bc9393a elementor-widget elementor-widget-heading\" data-id=\"bc9393a\" data-element_type=\"widget\" data-widget_type=\"heading.default\">\n\t\t\t\t<div class=\"elementor-widget-container\">\n\t\t\t\t\t<h2 class=\"elementor-heading-title elementor-size-default\">10. Schlussbestimmungen<\/h2>\t\t\t\t<\/div>\n\t\t\t\t<\/div>\n\t\t\t\t<div class=\"elementor-element elementor-element-e5665f6 elementor-widget elementor-widget-text-editor\" data-id=\"e5665f6\" data-element_type=\"widget\" data-widget_type=\"text-editor.default\">\n\t\t\t\t<div class=\"elementor-widget-container\">\n\t\t\t\t\t\t\t\t\t(1) Es gilt deutsches Recht unter Ausschluss des UN-Kaufrechts.<br\/>(2) Sofern der Kunde Unternehmer ist, ist ausschlie\u00dflicher Gerichtsstand f\u00fcr alle Streitigkeiten aus diesem Vertrag der Sitz der Zaiser Gartengestaltung GmbH.<br \/>(3) Sollten einzelne Bestimmungen dieser AGB ganz oder teilweise unwirksam sein, bleibt die G\u00fcltigkeit der \u00fcbrigen Bestimmungen unber\u00fchrt.\t\t\t\t\t\t\t\t<\/div>\n\t\t\t\t<\/div>\n\t\t\t\t\t<\/div>\n\t\t\t\t<\/div>\n\t\t\t\t<\/div>\n\t\t","protected":false},"excerpt":{"rendered":"<p>Allgemeine Gesch\u00e4ftsbedingungen (AGB) 1. Geltungsbereich Zaiser Gartengestaltung GmbHBlaubeurer Stra\u00dfe 9, 89134 BlausteinTelefon: 07304 417 14E-Mail: info@zaiser-gartengestaltung.de Handelsregister: Amtsgericht Ulm\u00a0HRB 720004 1. Geltungsbereich Diese Allgemeinen Gesch\u00e4ftsbedingungen gelten f\u00fcr alle Bestellungen, die Verbraucher (\u00a7 13 BGB) und Unternehmer (\u00a7 14 BGB) \u00fcber den Onlineshop der Zaiser Gartengestaltung GmbH t\u00e4tigen. 2. Vertragspartner Der Kaufvertrag kommt zustande mit: Zaiser [&hellip;]<\/p>\n","protected":false},"author":1,"featured_media":0,"parent":0,"menu_order":0,"comment_status":"closed","ping_status":"closed","template":"","meta":{"footnotes":""},"class_list":["post-2804","page","type-page","status-publish","hentry"],"yoast_head":"<!-- This site is optimized with the Yoast SEO plugin v24.8.1 - https:\/\/yoast.com\/wordpress\/plugins\/seo\/ -->\n<title>AGB | Zaiser Gartengestaltung<\/title>\n<meta name=\"robots\" content=\"noindex, follow, max-snippet:-1, max-image-preview:large, max-video-preview:-1\" \/>\n<meta property=\"og:locale\" content=\"de_DE\" \/>\n<meta property=\"og:type\" content=\"article\" \/>\n<meta property=\"og:title\" content=\"AGB | Zaiser Gartengestaltung\" \/>\n<meta property=\"og:description\" content=\"Allgemeine Gesch\u00e4ftsbedingungen (AGB) 1. Geltungsbereich Zaiser Gartengestaltung GmbHBlaubeurer Stra\u00dfe 9, 89134 BlausteinTelefon: 07304 417 14E-Mail: info@zaiser-gartengestaltung.de Handelsregister: Amtsgericht Ulm\u00a0HRB 720004 1. Geltungsbereich Diese Allgemeinen Gesch\u00e4ftsbedingungen gelten f\u00fcr alle Bestellungen, die Verbraucher (\u00a7 13 BGB) und Unternehmer (\u00a7 14 BGB) \u00fcber den Onlineshop der Zaiser Gartengestaltung GmbH t\u00e4tigen. 2. Vertragspartner Der Kaufvertrag kommt zustande mit: Zaiser [&hellip;]\" \/>\n<meta property=\"og:url\" content=\"https:\/\/zaiser-gartengestaltung.de\/staging\/agb\/\" \/>\n<meta property=\"og:site_name\" content=\"Zaiser Gartengestaltung\" \/>\n<meta property=\"article:modified_time\" content=\"2025-04-15T06:38:33+00:00\" \/>\n<meta name=\"twitter:card\" content=\"summary_large_image\" \/>\n<meta name=\"twitter:label1\" content=\"Gesch\u00e4tzte Lesezeit\" \/>\n\t<meta name=\"twitter:data1\" content=\"3\u00a0Minuten\" \/>\n<script type=\"application\/ld+json\" class=\"yoast-schema-graph\">{\"@context\":\"https:\/\/schema.org\",\"@graph\":[{\"@type\":\"WebPage\",\"@id\":\"https:\/\/zaiser-gartengestaltung.de\/staging\/agb\/\",\"url\":\"https:\/\/zaiser-gartengestaltung.de\/staging\/agb\/\",\"name\":\"AGB | Zaiser Gartengestaltung\",\"isPartOf\":{\"@id\":\"https:\/\/zaiser-gartengestaltung.de\/staging\/#website\"},\"datePublished\":\"2025-01-21T13:33:55+00:00\",\"dateModified\":\"2025-04-15T06:38:33+00:00\",\"breadcrumb\":{\"@id\":\"https:\/\/zaiser-gartengestaltung.de\/staging\/agb\/#breadcrumb\"},\"inLanguage\":\"de\",\"potentialAction\":[{\"@type\":\"ReadAction\",\"target\":[\"https:\/\/zaiser-gartengestaltung.de\/staging\/agb\/\"]}]},{\"@type\":\"BreadcrumbList\",\"@id\":\"https:\/\/zaiser-gartengestaltung.de\/staging\/agb\/#breadcrumb\",\"itemListElement\":[{\"@type\":\"ListItem\",\"position\":1,\"name\":\"Startseite\",\"item\":\"https:\/\/zaiser-gartengestaltung.de\/staging\/\"},{\"@type\":\"ListItem\",\"position\":2,\"name\":\"AGB\"}]},{\"@type\":\"WebSite\",\"@id\":\"https:\/\/zaiser-gartengestaltung.de\/staging\/#website\",\"url\":\"https:\/\/zaiser-gartengestaltung.de\/staging\/\",\"name\":\"Zaiser Gartengestaltung\",\"description\":\"Gartengestaltung ist unsere Inspiration\",\"publisher\":{\"@id\":\"https:\/\/zaiser-gartengestaltung.de\/staging\/#organization\"},\"potentialAction\":[{\"@type\":\"SearchAction\",\"target\":{\"@type\":\"EntryPoint\",\"urlTemplate\":\"https:\/\/zaiser-gartengestaltung.de\/staging\/?s={search_term_string}\"},\"query-input\":{\"@type\":\"PropertyValueSpecification\",\"valueRequired\":true,\"valueName\":\"search_term_string\"}}],\"inLanguage\":\"de\"},{\"@type\":\"Organization\",\"@id\":\"https:\/\/zaiser-gartengestaltung.de\/staging\/#organization\",\"name\":\"Zaiser Gartengestaltung\",\"url\":\"https:\/\/zaiser-gartengestaltung.de\/staging\/\",\"logo\":{\"@type\":\"ImageObject\",\"inLanguage\":\"de\",\"@id\":\"https:\/\/zaiser-gartengestaltung.de\/staging\/#\/schema\/logo\/image\/\",\"url\":\"https:\/\/zaiser-gartengestaltung.de\/staging\/wp-content\/uploads\/2022\/01\/zaiser_logo_w-png.webp\",\"contentUrl\":\"https:\/\/zaiser-gartengestaltung.de\/staging\/wp-content\/uploads\/2022\/01\/zaiser_logo_w-png.webp\",\"width\":400,\"height\":300,\"caption\":\"Zaiser Gartengestaltung\"},\"image\":{\"@id\":\"https:\/\/zaiser-gartengestaltung.de\/staging\/#\/schema\/logo\/image\/\"}}]}<\/script>\n<!-- \/ Yoast SEO plugin. -->","yoast_head_json":{"title":"AGB | Zaiser Gartengestaltung","robots":{"index":"noindex","follow":"follow","max-snippet":"max-snippet:-1","max-image-preview":"max-image-preview:large","max-video-preview":"max-video-preview:-1"},"og_locale":"de_DE","og_type":"article","og_title":"AGB | Zaiser Gartengestaltung","og_description":"Allgemeine Gesch\u00e4ftsbedingungen (AGB) 1. Geltungsbereich Zaiser Gartengestaltung GmbHBlaubeurer Stra\u00dfe 9, 89134 BlausteinTelefon: 07304 417 14E-Mail: info@zaiser-gartengestaltung.de Handelsregister: Amtsgericht Ulm\u00a0HRB 720004 1. Geltungsbereich Diese Allgemeinen Gesch\u00e4ftsbedingungen gelten f\u00fcr alle Bestellungen, die Verbraucher (\u00a7 13 BGB) und Unternehmer (\u00a7 14 BGB) \u00fcber den Onlineshop der Zaiser Gartengestaltung GmbH t\u00e4tigen. 2. Vertragspartner Der Kaufvertrag kommt zustande mit: Zaiser [&hellip;]","og_url":"https:\/\/zaiser-gartengestaltung.de\/staging\/agb\/","og_site_name":"Zaiser Gartengestaltung","article_modified_time":"2025-04-15T06:38:33+00:00","twitter_card":"summary_large_image","twitter_misc":{"Gesch\u00e4tzte Lesezeit":"3\u00a0Minuten"},"schema":{"@context":"https:\/\/schema.org","@graph":[{"@type":"WebPage","@id":"https:\/\/zaiser-gartengestaltung.de\/staging\/agb\/","url":"https:\/\/zaiser-gartengestaltung.de\/staging\/agb\/","name":"AGB | Zaiser Gartengestaltung","isPartOf":{"@id":"https:\/\/zaiser-gartengestaltung.de\/staging\/#website"},"datePublished":"2025-01-21T13:33:55+00:00","dateModified":"2025-04-15T06:38:33+00:00","breadcrumb":{"@id":"https:\/\/zaiser-gartengestaltung.de\/staging\/agb\/#breadcrumb"},"inLanguage":"de","potentialAction":[{"@type":"ReadAction","target":["https:\/\/zaiser-gartengestaltung.de\/staging\/agb\/"]}]},{"@type":"BreadcrumbList","@id":"https:\/\/zaiser-gartengestaltung.de\/staging\/agb\/#breadcrumb","itemListElement":[{"@type":"ListItem","position":1,"name":"Startseite","item":"https:\/\/zaiser-gartengestaltung.de\/staging\/"},{"@type":"ListItem","position":2,"name":"AGB"}]},{"@type":"WebSite","@id":"https:\/\/zaiser-gartengestaltung.de\/staging\/#website","url":"https:\/\/zaiser-gartengestaltung.de\/staging\/","name":"Zaiser Gartengestaltung","description":"Gartengestaltung ist unsere Inspiration","publisher":{"@id":"https:\/\/zaiser-gartengestaltung.de\/staging\/#organization"},"potentialAction":[{"@type":"SearchAction","target":{"@type":"EntryPoint","urlTemplate":"https:\/\/zaiser-gartengestaltung.de\/staging\/?s={search_term_string}"},"query-input":{"@type":"PropertyValueSpecification","valueRequired":true,"valueName":"search_term_string"}}],"inLanguage":"de"},{"@type":"Organization","@id":"https:\/\/zaiser-gartengestaltung.de\/staging\/#organization","name":"Zaiser Gartengestaltung","url":"https:\/\/zaiser-gartengestaltung.de\/staging\/","logo":{"@type":"ImageObject","inLanguage":"de","@id":"https:\/\/zaiser-gartengestaltung.de\/staging\/#\/schema\/logo\/image\/","url":"https:\/\/zaiser-gartengestaltung.de\/staging\/wp-content\/uploads\/2022\/01\/zaiser_logo_w-png.webp","contentUrl":"https:\/\/zaiser-gartengestaltung.de\/staging\/wp-content\/uploads\/2022\/01\/zaiser_logo_w-png.webp","width":400,"height":300,"caption":"Zaiser Gartengestaltung"},"image":{"@id":"https:\/\/zaiser-gartengestaltung.de\/staging\/#\/schema\/logo\/image\/"}}]}},"_links":{"self":[{"href":"https:\/\/zaiser-gartengestaltung.de\/staging\/wp-json\/wp\/v2\/pages\/2804","targetHints":{"allow":["GET"]}}],"collection":[{"href":"https:\/\/zaiser-gartengestaltung.de\/staging\/wp-json\/wp\/v2\/pages"}],"about":[{"href":"https:\/\/zaiser-gartengestaltung.de\/staging\/wp-json\/wp\/v2\/types\/page"}],"author":[{"embeddable":true,"href":"https:\/\/zaiser-gartengestaltung.de\/staging\/wp-json\/wp\/v2\/users\/1"}],"replies":[{"embeddable":true,"href":"https:\/\/zaiser-gartengestaltung.de\/staging\/wp-json\/wp\/v2\/comments?post=2804"}],"version-history":[{"count":10,"href":"https:\/\/zaiser-gartengestaltung.de\/staging\/wp-json\/wp\/v2\/pages\/2804\/revisions"}],"predecessor-version":[{"id":4389,"href":"https:\/\/zaiser-gartengestaltung.de\/staging\/wp-json\/wp\/v2\/pages\/2804\/revisions\/4389"}],"wp:attachment":[{"href":"https:\/\/zaiser-gartengestaltung.de\/staging\/wp-json\/wp\/v2\/media?parent=2804"}],"curies":[{"name":"wp","href":"https:\/\/api.w.org\/{rel}","templated":true}]}}